{"id":372,"date":"2021-11-08T11:34:35","date_gmt":"2021-11-08T11:34:35","guid":{"rendered":"http:\/\/fundodemaneio.com\/portfolio\/"},"modified":"2022-09-28T11:11:19","modified_gmt":"2022-09-28T11:11:19","slug":"consulting-portfolio","status":"publish","type":"page","link":"https:\/\/fundodemaneio.com\/en\/consulting-portfolio\/","title":{"rendered":"Portfolio"},"content":{"rendered":"\t\t<div data-elementor-type=\"wp-page\" data-elementor-id=\"372\" class=\"elementor elementor-372 elementor-24\" data-elementor-settings=\"[]\">\n\t\t\t\t\t\t\t<div class=\"elementor-section-wrap\">\n\t\t\t\t\t\t\t<section class=\"elementor-section elementor-top-section elementor-element elementor-element-084e188 elementor-section-boxed elementor-section-height-default elementor-section-height-default\" data-id=\"084e188\" data-element_type=\"section\">\n\t\t\t\t\t\t<div class=\"elementor-container elementor-column-gap-default\">\n\t\t\t\t\t<div class=\"elementor-column elementor-col-100 elementor-top-column elementor-element elementor-element-44ce268\" data-id=\"44ce268\" data-element_type=\"column\">\n\t\t\t<div class=\"elementor-widget-wrap elementor-element-populated\">\n\t\t\t\t\t\t\t\t<div class=\"elementor-element elementor-element-be20eed elementor-widget elementor-widget-shortcode\" data-id=\"be20eed\" data-element_type=\"widget\" data-widget_type=\"shortcode.default\">\n\t\t\t\t<div class=\"elementor-widget-container\">\n\t\t\t\t\t<div class=\"elementor-shortcode\"><div class=\"portefolios_all\" >\n\t\t\t\t<div class=\"col-md-6\">\n\t\t\t\t<div class=\"portefolio_content\">\n\t\t\t\t\t\t\t\t\t<button id=\"portefolio-716\" class=\"accordion botao_servico\">\n\t\t\t\t\t\t\t\t\t\t<img decoding=\"async\" src=\"https:\/\/fundodemaneio.com\/wp-content\/uploads\/2021\/11\/alojamento.png\"\/>\n\t\t\t\t\t\t\t\t\t\t<h3>Accommodation<\/h3>\n\t\t\t\t\t\t\t\t\t<\/button>\n\t\t\t\t\t\t\t\t\t<div class=\"panel_custom\">\n\t\t\t\t\t\t\t\t\t\t<div class=\"panel_custom_sub\">\n\t\t\t\t\t\t\t\t\t\t\t<div class=\"port_container\">\n\t\t\t\t\t\t\t\t\t\t\t\t<ul class=\"servicos_portefolio\">\n\t\t\t\t\t\t\t\t\t\t\t\t\t<li>A Aldeia da Fonte - SIDES<\/li><li>A Casa do Sim\u00e3o - Empreende Jovem<\/li><li>Angra Garden Hotel - DT<\/li><li>Almeida Garret Tourist Apartments \u2013 Empreende Jovem<\/li><li>Vila Emigrante Tourist Apartments \u2013 Empreende Jovem<\/li><li>Casa Caldeira (Country house) - DT<\/li><li>Casa da Igreja Velha (Country house) - DT<\/li><li>Casa de Campo \" A Abegoaria\" - DT<\/li><li>Casa de Campo Santa Maria - Empreende Jovem<\/li><li>Casa de Campo S\u00e3o Jorge - Empreende Jovem<\/li><li>Casa do Flores (Country house) - DT<\/li><li>Casa do Mirante e Casa do Arco (Country house) - Empreende Jovem<\/li><li>Casa do Ouvidor (Rural Tourism) - SIDET<\/li><li>Casa do Pico Arde (Housing Tourism) - SIDET<\/li><li>Casa Escondida e Casa do Miradouro (Country house) - Empreende Jovem<\/li><li>Casa Limares (Country house) - DT<\/li><li>DB Turismo Rural - Empreende Jovem<\/li><li>Green Hostel - Empreende Jovem<\/li><li>Quinta do Av\u00f4 (Country house) - SIDT<\/li><li>Procion Hostel \u2013 Empreende Jovem<\/li><li>Terra\u00e7os da Avenida Hostel - Empreende Jovem<\/li><li>Ant\u00edlia Hotel and Tourist Apartments - SIME e FSE<\/li><li>Caf\u00e9 Hotel \u2013 Empreende Jovem<\/li><li>Comfort Inn Hotel - SIDT<\/li><li>Gaivota Hotel (restyling) - SIDT<\/li><li>Ponta Delgada Hotel \u2013 SIDET Promotion<\/li><li>Vale do Navio Hotel (restyling) - DT<\/li><li>Pedras do Mar Hotel - DE<\/li><li>Blue Charming Hotel - DE<\/li><li>Ninhos da Terra (Country House) - Empreende Jovem<\/li><li>NSR - North Shore Resorts - DE<\/li><li>Pico Hotel - DT<\/li><li>Santa Maria Youth Hostel - PROCONVERGENCIA<\/li><li><\/li><li>Praia dos Santos Guest House - Empreende Jovem<\/li><li>Quinta da M\u00f3 (Rural Tourism) - SIDET<\/li><li>Quinta da Queir\u00f3 - Empreende Jovem<\/li><li>Quinta Velha das Amoreiras (Rural Tourism) - SIDET<\/li><li><\/li><li>Red Door Hostel - Empreende Jovem<\/li><li>Hotel do Mar (renovation) - SIDET<\/li><li><\/li><li>S\u00edtio da Assumada Eco-turismo - Empreende Jovem<\/li><li>Vintage Place - Azorean Guest House - Empreende Jovem<\/li>\n\t\t\t\t\t\t\t\t\t\t\t\t<\/ul>\n\t\t\t\t\t\t\t\t\t\t\t<\/div>\n\t\t\t\t\t\t\t\t\t\t<\/div>\n\t\t\t\t\t\t\t\t\t\t\n\t\t\t\t\t\t\t\t\t<\/div>\n\t\t\t\t\t\t\t\t<\/div><div class=\"portefolio_content\">\n\t\t\t\t\t\t\t\t\t<button id=\"portefolio-718\" class=\"accordion botao_servico\">\n\t\t\t\t\t\t\t\t\t\t<img decoding=\"async\" src=\"https:\/\/fundodemaneio.com\/wp-content\/uploads\/2021\/11\/turismo.png\"\/>\n\t\t\t\t\t\t\t\t\t\t<h3>Tourist Activities<\/h3>\n\t\t\t\t\t\t\t\t\t<\/button>\n\t\t\t\t\t\t\t\t\t<div class=\"panel_custom\">\n\t\t\t\t\t\t\t\t\t\t<div class=\"panel_custom_sub\">\n\t\t\t\t\t\t\t\t\t\t\t<div class=\"port_container\">\n\t\t\t\t\t\t\t\t\t\t\t\t<ul class=\"servicos_portefolio\">\n\t\t\t\t\t\t\t\t\t\t\t\t\t<li>Atlantic Bowling - DT<\/li><li>ANC Motos - DT<\/li><li>AWT - Azorean Walking Tours - DT<\/li><li>Azores Sailing - SIDET<\/li><li>Azul Carism\u00e1tico - Empreende Jovem<\/li><li>BestRide Rent-a-Car - Empreende Jovem<\/li><li>Blue Charming - DE + PIR<\/li><li>Azores Sub Diving Center- SIDET e SIDET Promotion<\/li><li>Costumes de Ver\u00e3o - Empreende Jovem<\/li><li>Toste Mendes, Lda; DT;<\/li><li>Easy Ride Rent a Car - Empreende Jovem<\/li><li>Espetacular Event - Empreende Jovem<\/li><li>Favoritefactor - Empreende Jovem<\/li><li>Friendly Answer - Empreende Jovem<\/li><li>Futurismo - SIDET\/SIDT<\/li><li>Geo Fun - SIDET<\/li><li>Haliotis (Dive Center Santa Maria & Faial) - SIDT<\/li><li>Harmoniodisseia - Empreende Jovem<\/li><li>Lu\u00eds Rodrigues (Vessel) - DT<\/li><li>PanAz\u00f3rica - DT<\/li><li>Paralelo 37 - DT<\/li><li>Pavilh\u00e3o do Mar - SIME + SIDEP<\/li><li>Po\u00e7a da D. Beija (requalification) - SIDT<\/li><li>RENTaBIKE Azores - Empreende Jovem<\/li><li>Scubafish - DT<\/li><li>Smatur - Empreende Jovem<\/li><li>Sucessos do Atl\u00e2ntico - Empreende Jovem<\/li><li>Terra Azul - SIDET<\/li><li>Toste Mendes (Vessel) - DT<\/li><li>Village Yachts (\u201cAlmirante\u201d vessel) - DT<\/li><li>Xtremesummer - Empreende Jovem<\/li><li>Yachta\u00e7or \u2013 Boat rental \u2013 DT<\/li>\n\t\t\t\t\t\t\t\t\t\t\t\t<\/ul>\n\t\t\t\t\t\t\t\t\t\t\t<\/div>\n\t\t\t\t\t\t\t\t\t\t<\/div>\n\t\t\t\t\t\t\t\t\t\t\n\t\t\t\t\t\t\t\t\t<\/div>\n\t\t\t\t\t\t\t\t<\/div><div class=\"portefolio_content\">\n\t\t\t\t\t\t\t\t\t<button id=\"portefolio-720\" class=\"accordion botao_servico\">\n\t\t\t\t\t\t\t\t\t\t<img decoding=\"async\" src=\"https:\/\/fundodemaneio.com\/wp-content\/uploads\/2021\/11\/saude.png\"\/>\n\t\t\t\t\t\t\t\t\t\t<h3>Health<\/h3>\n\t\t\t\t\t\t\t\t\t<\/button>\n\t\t\t\t\t\t\t\t\t<div class=\"panel_custom\">\n\t\t\t\t\t\t\t\t\t\t<div class=\"panel_custom_sub\">\n\t\t\t\t\t\t\t\t\t\t\t<div class=\"port_container\">\n\t\t\t\t\t\t\t\t\t\t\t\t<ul class=\"servicos_portefolio\">\n\t\t\t\t\t\t\t\t\t\t\t\t\t<li> Ana Catarina Rego \u2013 gastroenterologist \u2013 Empreende Jovem<\/li><li>Faj\u00e3 de Baixo Veterinary Clinic \u2013 Empreende Jovem<\/li><li>Raquel Dourado e Andr\u00e9 Gomes Cardiology Office \u2013 Empreende Jovem<\/li><li>CRB - Centro de Relaxamento e Beleza - Empreende Jovem<\/li><li>Requalification and Modernization of Lajes Civil Airport \u2013 Cohesion Fund<\/li><li>Espa\u00e7o Riso \u2013 Dental Clinic \u2013 Empreende Jovem<\/li><li>Instituto Catarina Furtado - DL<\/li><li>Manuela Oliveira \u2013 Veterinary \u2013 Empreende Jovem<\/li><li>Meka Center - DE<\/li><li>Na Ponta da L\u00edngua - Empreende Jovem<\/li><li>Vila Franca do Campo Polyclinic - Empreende Jovem<\/li>\n\t\t\t\t\t\t\t\t\t\t\t\t<\/ul>\n\t\t\t\t\t\t\t\t\t\t\t<\/div>\n\t\t\t\t\t\t\t\t\t\t<\/div>\n\t\t\t\t\t\t\t\t\t\t\n\t\t\t\t\t\t\t\t\t<\/div>\n\t\t\t\t\t\t\t\t<\/div><div class=\"portefolio_content\">\n\t\t\t\t\t\t\t\t\t<button id=\"portefolio-728\" class=\"accordion botao_servico\">\n\t\t\t\t\t\t\t\t\t\t<img decoding=\"async\" src=\"https:\/\/fundodemaneio.com\/wp-content\/uploads\/2021\/11\/ambiente.png\"\/>\n\t\t\t\t\t\t\t\t\t\t<h3>Environment<\/h3>\n\t\t\t\t\t\t\t\t\t<\/button>\n\t\t\t\t\t\t\t\t\t<div class=\"panel_custom\">\n\t\t\t\t\t\t\t\t\t\t<div class=\"panel_custom_sub\">\n\t\t\t\t\t\t\t\t\t\t\t<div class=\"port_container\">\n\t\t\t\t\t\t\t\t\t\t\t\t<ul class=\"servicos_portefolio\">\n\t\t\t\t\t\t\t\t\t\t\t\t\t<li>CAEN - Companhia A\u00e7oreana de Energias Renov\u00e1veis, Lda - DE<\/li><li>Central de Vermicompostagem - Profrutos, CRL - DE<\/li><li>Centros de Processamento de Res\u00edduos das ilhas de Santa Maria, S\u00e3o Jorge, Pico e Faial - POVT<\/li><li>Requalifica\u00e7\u00e3o Ambiental das Bacias Hidrogr\u00e1ficas das Lagoas das Furnas e Sete Cidades - Cohesion Fund<\/li><li>Central de Tratamento e Valoriza\u00e7\u00e3o de Res\u00edduos da Ilha Terceira - TERAMB<\/li>\n\t\t\t\t\t\t\t\t\t\t\t\t<\/ul>\n\t\t\t\t\t\t\t\t\t\t\t<\/div>\n\t\t\t\t\t\t\t\t\t\t<\/div>\n\t\t\t\t\t\t\t\t\t\t\n\t\t\t\t\t\t\t\t\t<\/div>\n\t\t\t\t\t\t\t\t<\/div><div class=\"portefolio_content\">\n\t\t\t\t\t\t\t\t\t<button id=\"portefolio-425\" class=\"accordion botao_servico\">\n\t\t\t\t\t\t\t\t\t\t<img decoding=\"async\" src=\"https:\/\/fundodemaneio.com\/wp-content\/uploads\/2021\/10\/outros.png\"\/>\n\t\t\t\t\t\t\t\t\t\t<h3>Other Studies<\/h3>\n\t\t\t\t\t\t\t\t\t<\/button>\n\t\t\t\t\t\t\t\t\t<div class=\"panel_custom\">\n\t\t\t\t\t\t\t\t\t\t<div class=\"panel_custom_sub\">\n\t\t\t\t\t\t\t\t\t\t\t<div class=\"port_container\">\n\t\t\t\t\t\t\t\t\t\t\t\t<ul class=\"servicos_portefolio\">\n\t\t\t\t\t\t\t\t\t\t\t\t\t<li>Implementation Surveys on the satisfaction of nautical tourists in the Azores marinas.<\/li>\n\t\t\t\t\t\t\t\t\t\t\t\t<\/ul>\n\t\t\t\t\t\t\t\t\t\t\t<\/div>\n\t\t\t\t\t\t\t\t\t\t<\/div>\n\t\t\t\t\t\t\t\t\t\t\n\t\t\t\t\t\t\t\t\t<\/div>\n\t\t\t\t\t\t\t\t<\/div>\n\t\t\t\t<\/div>\n\t\t\t\t<div class=\"col-md-6\">\n\t\t\t\t<div class=\"portefolio_content\">\n\t\t\t\t\t\t\t\t\t<button id=\"portefolio-717\" class=\"accordion botao_servico\">\n\t\t\t\t\t\t\t\t\t\t<img decoding=\"async\" src=\"https:\/\/fundodemaneio.com\/wp-content\/uploads\/2021\/11\/restauracao.png\"\/>\n\t\t\t\t\t\t\t\t\t\t<h3>Restaurants and others<\/h3>\n\t\t\t\t\t\t\t\t\t<\/button>\n\t\t\t\t\t\t\t\t\t<div class=\"panel_custom\">\n\t\t\t\t\t\t\t\t\t\t<div class=\"panel_custom_sub\">\n\t\t\t\t\t\t\t\t\t\t\t<div class=\"port_container\">\n\t\t\t\t\t\t\t\t\t\t\t\t<ul class=\"servicos_portefolio\">\n\t\t\t\t\t\t\t\t\t\t\t\t\t<li>Ba\u00eda dos Anjos - Empreende Jovem<\/li><li>Bar Conv\u00e9s (Portas do Mar) - DT<\/li><li>Burger King (Ponta Delgada) - DL<\/li><li>Burger King (Portas do Mar) - DT<\/li><li>Cervejaria Docas - DT<\/li><li>Di\u00e1logos com Canela - Empreende Jovem<\/li><li>Goood Kitchen - Empreende Jovem<\/li><li>KFC (Parque Atl\u00e2ntico) - DT<\/li><li>Nova Xurrex - DL<\/li><li>\u00d2 Kilo (Parque Atl\u00e2ntico) - DL<\/li><li>O Mari\u00f1eiro (Portas do Mar) - DT<\/li><li>Pans & Company (Parque Atl\u00e2ntico) - DL<\/li><li>Pasta Caff\u00e9 (Parque Atl\u00e2ntico) - DL<\/li><li>Pizza Hut (Parque Atl\u00e2ntico) - DL<\/li><li>Restaurante Azores Grill - DL<\/li><li>Restaurante Caldeiras da Ribeira Grande - SIDET<\/li><li>Restaurante Genu\u00edno - DL<\/li><li>Restaurante Porto dos Carneiros - SIDET<\/li><li>Sr. Frango da Guia (Parque Atl\u00e2ntico) - Empreende Jovem<\/li><li>Telepizza (Ponta Delgada) - Empreende Jovem<\/li><li>Tuk\u00e1Tul\u00e1 Bar - DT<\/li><li>Up & Down Bar - DT<\/li><li>Vale de Letras - DT<\/li>\n\t\t\t\t\t\t\t\t\t\t\t\t<\/ul>\n\t\t\t\t\t\t\t\t\t\t\t<\/div>\n\t\t\t\t\t\t\t\t\t\t<\/div>\n\t\t\t\t\t\t\t\t\t\t\n\t\t\t\t\t\t\t\t\t<\/div>\n\t\t\t\t\t\t\t\t<\/div><div class=\"portefolio_content\">\n\t\t\t\t\t\t\t\t\t<button id=\"portefolio-719\" class=\"accordion botao_servico\">\n\t\t\t\t\t\t\t\t\t\t<img decoding=\"async\" src=\"https:\/\/fundodemaneio.com\/wp-content\/uploads\/2021\/11\/comercio.png\"\/>\n\t\t\t\t\t\t\t\t\t\t<h3>Commerce and Services<\/h3>\n\t\t\t\t\t\t\t\t\t<\/button>\n\t\t\t\t\t\t\t\t\t<div class=\"panel_custom\">\n\t\t\t\t\t\t\t\t\t\t<div class=\"panel_custom_sub\">\n\t\t\t\t\t\t\t\t\t\t\t<div class=\"port_container\">\n\t\t\t\t\t\t\t\t\t\t\t\t<ul class=\"servicos_portefolio\">\n\t\t\t\t\t\t\t\t\t\t\t\t\t<li>A. Moniz - Produtos, M\u00e1quinas e Equipamentos - DL<\/li><li>Academia L\u2019\u00d3real - Empreende Jovem<\/li><li>A\u00e7orotel - DL<\/li><li>SousaStone, Lda \u0096 DL;<\/li><li>A\u00e7orPiscinas - DL<\/li><li>Adelino Pedro - Com\u00e9rcio de Pe\u00e7as Autom\u00f3vel - DL<\/li><li>Agritractores - DL<\/li><li>\u00c2ncora Parque - DL<\/li><li>ASTUTOS - Centro de A\u00e7\u00e3o Psicopedag\u00f3gica - Empreende Jovem<\/li><li>Atl\u00e2ntico M\u00e1rmores - DL<\/li><li>Auto A\u00e7oreana (MINI e BMW) - DL<\/li><li>BripelA\u00e7ores - DL<\/li><li>Castro e Fagulha - DL;<\/li><li>Central dos Cabelos - DL<\/li><li>Centro de Eventos Especializados - Empreende Jovem<\/li><li>Centro de Explica\u00e7\u00f5es RM Cordeiro - Empreende Jovem<\/li><li>Centro de Forma\u00e7\u00e3o Belo Jardim<\/li><li>Centr\u00f3ptico - DL<\/li><li>Com\u00e9rcio e Ind\u00fastria Alimentar Paulo Teves - DL<\/li><li>Cooperativa Bom Pastor - DL<\/li><li>Cooperativa Santa Luzia - DL<\/li><li>Cordeiro & Baptista - DL<\/li><li>Decathlon (Ponta Delgada) - DL<\/li><li>Discoteca Ibiza Club - DL<\/li><li>ElectroLaranjo - DL<\/li><li>Engenheiro T\u00e9cnico Carlos Severino - Empreende Jovem<\/li><li>Euromotas - DL<\/li><li>Evaristo Lima e Companhia - DL<\/li><li>F\u00e1cil Inova - DL<\/li><li>Faria e Resendes - Alum\u00ednios - DL<\/li><li>Fitness Center - Hotel Ocidental - DT<\/li><li>Frutaria S\u00e3o Miguel - DL<\/li><li>Gelvalados - DL<\/li><li>Green Piquenique - Empreende Jovem<\/li><li>Ab\u00f3bodadourada Infant\u00e1rio - DE<\/li><li>ITOC - Empreende Jovem<\/li><li>Jo\u00e3o de Oliveira Carreiro - DL<\/li><li>L\u00edder Frutas - DL<\/li><li>Bioforma Store \u2013 Empreende Jovem<\/li><li>Loja de Produtos Regionais - Empreende Jovem<\/li><li>Jennyfer Store (S\u00e3o Miguel) - DL<\/li><li>Jennyfer Stores (Terceira) - DL<\/li><li>Magneticatraente - Empreende Jovem<\/li><li>Mango (Ponta Delgada) - DL<\/li><li>m-arquitectos - Empreende Jovem<\/li><li>Moniz de S\u00e1 - Com\u00e9rcio de Ve\u00edculos Autom\u00f3veis - DL<\/li><li>Mouninhas SPA - DT<\/li><li>Nautibotelho - Empreende Jovem<\/li><li>Navel A\u00e7ores - DL<\/li><li>Oliveira Leit\u00e3o & Pena - DL<\/li><li>Panivila - SIDEL<\/li><li>Papelimpar\u00e1vel - Empreende Jovem<\/li><li>Papelintenso - Empreende Jovem<\/li><li>PAUFERR - DL<\/li><li>Pneus Ilh\u00e9u - DL<\/li><li>Empreende Jovem \/ GALP gas station (Milhafres) \u2013 Empreende Jovem<\/li><li>Empreende Jovem \/ GALP gas station (Santo Ant\u00f3nio) \u2013 Empreende Jovem<\/li><li>Repra\u00e7ores - SIDEL<\/li><li>Roulotte Emanuel Melo - Empreende Jovem<\/li><li>Salsa - DL<\/li><li>Salsi\u00e7or - DL<\/li><li>Servicater - DL<\/li><li>Sol-Mar - DL<\/li><li>Solu\u00e7\u00f5es M - DL<\/li><li>SousaStone - DL<\/li><li>Sposec A\u00e7ores - Empreende Jovem<\/li><li>Spotazores - Empreende Jovem\/QI<\/li><li>Stefanel - SIDEL<\/li><li>\u201cO Completo\u201d supermarket - DL<\/li><li>P\u00f4r-do-sol supermarket \u2013 Empreende Jovem<\/li><li>Trevorebelde - Empreende Jovem<\/li><li>Unip\u00e9lago - DL<\/li><li>VENTOENCANADO - Empreende Jovem<\/li><li>Victor Rodrigues - DL<\/li><li>WOW Car - Empreende Jovem<\/li>\n\t\t\t\t\t\t\t\t\t\t\t\t<\/ul>\n\t\t\t\t\t\t\t\t\t\t\t<\/div>\n\t\t\t\t\t\t\t\t\t\t<\/div>\n\t\t\t\t\t\t\t\t\t\t\n\t\t\t\t\t\t\t\t\t<\/div>\n\t\t\t\t\t\t\t\t<\/div><div class=\"portefolio_content\">\n\t\t\t\t\t\t\t\t\t<button id=\"portefolio-721\" class=\"accordion botao_servico\">\n\t\t\t\t\t\t\t\t\t\t<img decoding=\"async\" src=\"https:\/\/fundodemaneio.com\/wp-content\/uploads\/2021\/11\/agricultura.png\"\/>\n\t\t\t\t\t\t\t\t\t\t<h3>Agriculture<\/h3>\n\t\t\t\t\t\t\t\t\t<\/button>\n\t\t\t\t\t\t\t\t\t<div class=\"panel_custom\">\n\t\t\t\t\t\t\t\t\t\t<div class=\"panel_custom_sub\">\n\t\t\t\t\t\t\t\t\t\t\t<div class=\"port_container\">\n\t\t\t\t\t\t\t\t\t\t\t\t<ul class=\"servicos_portefolio\">\n\t\t\t\t\t\t\t\t\t\t\t\t\t<li>\u00c1lvaro Teixeira Modernization of Agricultural Holdings - PRORURAL<\/li><li>Sandra Cordeiro - Young Farmer Installation - PRORURAL<\/li><li>Agra\u00e7or - Azores Swine - Modernization of Agricultural Holdings - PRORURAL<\/li><li>Finan\u00e7or - Agri-Food - Increasing the Value of Agricultural and Forestry Products \u2013 PRORURAL <\/li><li>Mota & Filhos - Improving the economic value of forests - PRORURAL<\/li><li>MOTAMIX - Empreende Jovem\/DL<\/li><li>Paulo Cunha - Modernization of Agricultural Holdings - PRORURAL<\/li>\n\t\t\t\t\t\t\t\t\t\t\t\t<\/ul>\n\t\t\t\t\t\t\t\t\t\t\t<\/div>\n\t\t\t\t\t\t\t\t\t\t<\/div>\n\t\t\t\t\t\t\t\t\t\t\n\t\t\t\t\t\t\t\t\t<\/div>\n\t\t\t\t\t\t\t\t<\/div><div class=\"portefolio_content\">\n\t\t\t\t\t\t\t\t\t<button id=\"portefolio-722\" class=\"accordion botao_servico\">\n\t\t\t\t\t\t\t\t\t\t<img decoding=\"async\" src=\"https:\/\/fundodemaneio.com\/wp-content\/uploads\/2021\/11\/projetos-estruturantes.png\"\/>\n\t\t\t\t\t\t\t\t\t\t<h3>Structuring Projects<\/h3>\n\t\t\t\t\t\t\t\t\t<\/button>\n\t\t\t\t\t\t\t\t\t<div class=\"panel_custom\">\n\t\t\t\t\t\t\t\t\t\t<div class=\"panel_custom_sub\">\n\t\t\t\t\t\t\t\t\t\t\t<div class=\"port_container\">\n\t\t\t\t\t\t\t\t\t\t\t\t<ul class=\"servicos_portefolio\">\n\t\t\t\t\t\t\t\t\t\t\t\t\t<li>Territorial Competitiveness and Economic and Social Cohesion \u2013 Autonomous Region of the Azores\u201d, in collaboration with Augusto Mateus & Associados, Lda., commissioned by the Community Support Framework of the former General Directorate for Regional Development;<\/li><li>\u201cAssessment of Maritime Transport Investment Surplus Costs\u201d, commissioned by the former Regional Directorate for Support to Economic Cohesion;<\/li><li>\u201cThe Autonomous Region of the Azores and the Evolution of the International Oil and Cereal Markets\u201d, in collaboration with the University of the Azores, and commissioned by the Vice-Presidency of the Regional Government of the Azores;<\/li><li>\u201cAudit of Financial Execution in the Scope of Public Air Transport Service Obligations in the Interior of the Autonomous Region of the Azores\u201d, commissioned by the Regional Directorate of Air and Maritime Transport;<\/li><li>\u201cAssessment of the Economic Impact of the Imposition of Public Service Obligations on Inter-Island Air Transport in the Autonomous Region of the Azores\u201d, commissioned by the Regional Directorate of Air and Maritime Transport;<\/li><li>\u201cEconomic study for the delimitation of protection perimeters for underground and surface water abstractions destined to the public supply of the islands of S\u00e3o Miguel and Santa Maria\u201d, commissioned by the Regional Directorate for the Environment.<\/li><li>- Study of the need and financial implications of the creation of a Regional Public Institute and respective effects on the sector - Escola Profissional das Capelas<\/li><li>-Study on the imposition of public service obligations on the inter-island air services of the RAA<\/li><li>- Audit and Analysis Methodology by DRTAM, regarding the financial execution of the public service contract for regular air transport within the RAA<\/li><li>\u201cStudy to Evaluate the Impact of the Liberalization of Milk Quotas on the Income of RAA Producers\u201d, commissioned by the Regional Directorate for Agriculture and Rural Development of the Azores Regional Government; and<\/li><li>Azores Startup Program \u2013 SDEA - Society for Business Development of the Azores<\/li>\n\t\t\t\t\t\t\t\t\t\t\t\t<\/ul>\n\t\t\t\t\t\t\t\t\t\t\t<\/div>\n\t\t\t\t\t\t\t\t\t\t<\/div>\n\t\t\t\t\t\t\t\t\t\t\n\t\t\t\t\t\t\t\t\t<\/div>\n\t\t\t\t\t\t\t\t<\/div>\n\t\t\t\t<\/div>\n            <\/div><\/div>\n\t\t\t\t<\/div>\n\t\t\t\t<\/div>\n\t\t\t\t\t<\/div>\n\t\t<\/div>\n\t\t\t\t\t\t\t<\/div>\n\t\t<\/section>\n\t\t\t\t\t\t<\/div>\n\t\t\t\t\t<\/div>\n\t\t","protected":false},"excerpt":{"rendered":"","protected":false},"author":1,"featured_media":0,"parent":0,"menu_order":0,"comment_status":"closed","ping_status":"closed","template":"","meta":{"footnotes":""},"class_list":["post-372","page","type-page","status-publish","hentry"],"yoast_head":"<!-- This site is optimized with the Yoast SEO plugin v18.5 - https:\/\/yoast.com\/wordpress\/plugins\/seo\/ -->\n<title>Consulting Portfolio - Fundo de Maneio - Ponta Delgada, Azores<\/title>\n<meta name=\"description\" content=\"Welcome to our consulting portfolio, where you can get to know the various companies we work with. Talk to us if you need.\" \/>\n<meta name=\"robots\" content=\"index, follow, max-snippet:-1, max-image-preview:large, max-video-preview:-1\" \/>\n<link rel=\"canonical\" href=\"https:\/\/fundodemaneio.com\/en\/consulting-portfolio\/\" \/>\n<meta property=\"og:locale\" content=\"en_US\" \/>\n<meta property=\"og:type\" content=\"article\" \/>\n<meta property=\"og:title\" content=\"Consulting Portfolio - Fundo de Maneio - Ponta Delgada, Azores\" \/>\n<meta property=\"og:description\" content=\"Welcome to our consulting portfolio, where you can get to know the various companies we work with. Talk to us if you need.\" \/>\n<meta property=\"og:url\" content=\"https:\/\/fundodemaneio.com\/en\/consulting-portfolio\/\" \/>\n<meta property=\"og:site_name\" content=\"Fundo de Maneio\" \/>\n<meta property=\"article:modified_time\" content=\"2022-09-28T11:11:19+00:00\" \/>\n<meta name=\"twitter:card\" content=\"summary_large_image\" \/>\n<script type=\"application\/ld+json\" class=\"yoast-schema-graph\">{\"@context\":\"https:\/\/schema.org\",\"@graph\":[{\"@type\":\"WebSite\",\"@id\":\"https:\/\/fundodemaneio.com\/#website\",\"url\":\"https:\/\/fundodemaneio.com\/\",\"name\":\"Fundo de Maneio\",\"description\":\"Mais um site WordPress\",\"potentialAction\":[{\"@type\":\"SearchAction\",\"target\":{\"@type\":\"EntryPoint\",\"urlTemplate\":\"https:\/\/fundodemaneio.com\/?s={search_term_string}\"},\"query-input\":\"required name=search_term_string\"}],\"inLanguage\":\"en-US\"},{\"@type\":\"WebPage\",\"@id\":\"https:\/\/fundodemaneio.com\/en\/consulting-portfolio\/#webpage\",\"url\":\"https:\/\/fundodemaneio.com\/en\/consulting-portfolio\/\",\"name\":\"Consulting Portfolio - Fundo de Maneio - Ponta Delgada, Azores\",\"isPartOf\":{\"@id\":\"https:\/\/fundodemaneio.com\/#website\"},\"datePublished\":\"2021-11-08T11:34:35+00:00\",\"dateModified\":\"2022-09-28T11:11:19+00:00\",\"description\":\"Welcome to our consulting portfolio, where you can get to know the various companies we work with. Talk to us if you need.\",\"breadcrumb\":{\"@id\":\"https:\/\/fundodemaneio.com\/en\/consulting-portfolio\/#breadcrumb\"},\"inLanguage\":\"en-US\",\"potentialAction\":[{\"@type\":\"ReadAction\",\"target\":[\"https:\/\/fundodemaneio.com\/en\/consulting-portfolio\/\"]}]},{\"@type\":\"BreadcrumbList\",\"@id\":\"https:\/\/fundodemaneio.com\/en\/consulting-portfolio\/#breadcrumb\",\"itemListElement\":[{\"@type\":\"ListItem\",\"position\":1,\"name\":\"Portfolio\"}]}]}<\/script>\n<!-- \/ Yoast SEO plugin. -->","yoast_head_json":{"title":"Consulting Portfolio - Fundo de Maneio - Ponta Delgada, Azores","description":"Welcome to our consulting portfolio, where you can get to know the various companies we work with. Talk to us if you need.","robots":{"index":"index","follow":"follow","max-snippet":"max-snippet:-1","max-image-preview":"max-image-preview:large","max-video-preview":"max-video-preview:-1"},"canonical":"https:\/\/fundodemaneio.com\/en\/consulting-portfolio\/","og_locale":"en_US","og_type":"article","og_title":"Consulting Portfolio - Fundo de Maneio - Ponta Delgada, Azores","og_description":"Welcome to our consulting portfolio, where you can get to know the various companies we work with. Talk to us if you need.","og_url":"https:\/\/fundodemaneio.com\/en\/consulting-portfolio\/","og_site_name":"Fundo de Maneio","article_modified_time":"2022-09-28T11:11:19+00:00","twitter_card":"summary_large_image","schema":{"@context":"https:\/\/schema.org","@graph":[{"@type":"WebSite","@id":"https:\/\/fundodemaneio.com\/#website","url":"https:\/\/fundodemaneio.com\/","name":"Fundo de Maneio","description":"Mais um site WordPress","potentialAction":[{"@type":"SearchAction","target":{"@type":"EntryPoint","urlTemplate":"https:\/\/fundodemaneio.com\/?s={search_term_string}"},"query-input":"required name=search_term_string"}],"inLanguage":"en-US"},{"@type":"WebPage","@id":"https:\/\/fundodemaneio.com\/en\/consulting-portfolio\/#webpage","url":"https:\/\/fundodemaneio.com\/en\/consulting-portfolio\/","name":"Consulting Portfolio - Fundo de Maneio - Ponta Delgada, Azores","isPartOf":{"@id":"https:\/\/fundodemaneio.com\/#website"},"datePublished":"2021-11-08T11:34:35+00:00","dateModified":"2022-09-28T11:11:19+00:00","description":"Welcome to our consulting portfolio, where you can get to know the various companies we work with. Talk to us if you need.","breadcrumb":{"@id":"https:\/\/fundodemaneio.com\/en\/consulting-portfolio\/#breadcrumb"},"inLanguage":"en-US","potentialAction":[{"@type":"ReadAction","target":["https:\/\/fundodemaneio.com\/en\/consulting-portfolio\/"]}]},{"@type":"BreadcrumbList","@id":"https:\/\/fundodemaneio.com\/en\/consulting-portfolio\/#breadcrumb","itemListElement":[{"@type":"ListItem","position":1,"name":"Portfolio"}]}]}},"_links":{"self":[{"href":"https:\/\/fundodemaneio.com\/en\/wp-json\/wp\/v2\/pages\/372","targetHints":{"allow":["GET"]}}],"collection":[{"href":"https:\/\/fundodemaneio.com\/en\/wp-json\/wp\/v2\/pages"}],"about":[{"href":"https:\/\/fundodemaneio.com\/en\/wp-json\/wp\/v2\/types\/page"}],"author":[{"embeddable":true,"href":"https:\/\/fundodemaneio.com\/en\/wp-json\/wp\/v2\/users\/1"}],"replies":[{"embeddable":true,"href":"https:\/\/fundodemaneio.com\/en\/wp-json\/wp\/v2\/comments?post=372"}],"version-history":[{"count":1,"href":"https:\/\/fundodemaneio.com\/en\/wp-json\/wp\/v2\/pages\/372\/revisions"}],"predecessor-version":[{"id":373,"href":"https:\/\/fundodemaneio.com\/en\/wp-json\/wp\/v2\/pages\/372\/revisions\/373"}],"wp:attachment":[{"href":"https:\/\/fundodemaneio.com\/en\/wp-json\/wp\/v2\/media?parent=372"}],"curies":[{"name":"wp","href":"https:\/\/api.w.org\/{rel}","templated":true}]}}