{"id":376,"date":"2021-11-08T11:36:10","date_gmt":"2021-11-08T11:36:10","guid":{"rendered":"http:\/\/fundodemaneio.com\/links\/"},"modified":"2025-01-23T16:35:16","modified_gmt":"2025-01-23T16:35:16","slug":"consultancy-links","status":"publish","type":"page","link":"https:\/\/fundodemaneio.com\/en\/consultancy-links\/","title":{"rendered":"Links"},"content":{"rendered":"\t\t<div data-elementor-type=\"wp-page\" data-elementor-id=\"376\" class=\"elementor elementor-376 elementor-28\" data-elementor-settings=\"[]\">\n\t\t\t\t\t\t\t<div class=\"elementor-section-wrap\">\n\t\t\t\t\t\t\t<section class=\"elementor-section elementor-top-section elementor-element elementor-element-17e1013 elementor-section-boxed elementor-section-height-default elementor-section-height-default\" data-id=\"17e1013\" data-element_type=\"section\">\n\t\t\t\t\t\t<div class=\"elementor-container elementor-column-gap-default\">\n\t\t\t\t\t<div class=\"elementor-column elementor-col-100 elementor-top-column elementor-element elementor-element-9e51e49\" data-id=\"9e51e49\" data-element_type=\"column\">\n\t\t\t<div class=\"elementor-widget-wrap elementor-element-populated\">\n\t\t\t\t\t\t\t\t<div class=\"elementor-element elementor-element-226d526 elementor-widget elementor-widget-shortcode\" data-id=\"226d526\" data-element_type=\"widget\" data-widget_type=\"shortcode.default\">\n\t\t\t\t<div class=\"elementor-widget-container\">\n\t\t\t\t\t<div class=\"elementor-shortcode\"><ul class=\"links_uteis_all\" >\n\t\t\t\t<li class=\"each_link_content\"><div class=\"link_li_content\"><a class=\"link_titulo_black\" href=\"https:\/\/balcaofundosue.pt\/\"><b>Balc\u00e3o dos Fundos<\/b><\/a><a class=\"link_subtitulo\" href=\"https:\/\/balcaofundosue.pt\/\">Balc\u00e3o dos Fundos<\/a><\/div><\/li><li class=\"each_link_content\"><div class=\"link_li_content\"><a class=\"link_titulo_black\" href=\"https:\/\/portal.azores.gov.pt\/web\/drec\"><b>DREC<\/b><\/a><a class=\"link_subtitulo\" href=\"https:\/\/portal.azores.gov.pt\/web\/drec\">Dire\u00e7\u00e3o Regional do Empreendedorismo e Competitividade<\/a><\/div><\/li><li class=\"each_link_content\"><div class=\"link_li_content\"><a class=\"link_titulo_black\" href=\"https:\/\/empresas.azores.gov.pt\/\"><b>DREC\/Empresas<\/b><\/a><a class=\"link_subtitulo\" href=\"https:\/\/empresas.azores.gov.pt\/\">DREC\/Empresas<\/a><\/div><\/li><li class=\"each_link_content\"><div class=\"link_li_content\"><a class=\"link_titulo_black\" href=\"https:\/\/acores.portugal2030.pt\/\"><b>A\u00c7ORES 2030<\/b><\/a><a class=\"link_subtitulo\" href=\"https:\/\/acores.portugal2030.pt\/\">Programa Regional dos A\u00e7ores 2021-2027<\/a><\/div><\/li><li class=\"each_link_content\"><div class=\"link_li_content\"><a class=\"link_titulo_black\" href=\"http:\/\/www.iapmei.pt\/\"><b>IAPMEI<\/b><\/a><a class=\"link_subtitulo\" href=\"http:\/\/www.iapmei.pt\/\">Instituto de Apoio \u00e0s Pequenas e M\u00e9dias Empresas e \u00e0 Inova\u00e7\u00e3o<\/a><\/div><\/li><li class=\"each_link_content\"><div class=\"link_li_content\"><a class=\"link_titulo_black\" href=\"https:\/\/www.portugalglobal.pt\/PT\/Paginas\/Index.aspx\"><b>AICEP<\/b><\/a><a class=\"link_subtitulo\" href=\"https:\/\/www.portugalglobal.pt\/PT\/Paginas\/Index.aspx\">Ag\u00eancia para o Investimento e Com\u00e9rcio Externo de Portugal<\/a><\/div><\/li><li class=\"each_link_content\"><div class=\"link_li_content\"><a class=\"link_titulo_black\" href=\"https:\/\/www.aip.pt\/\"><b>AIP-CCI<\/b><\/a><a class=\"link_subtitulo\" href=\"https:\/\/www.aip.pt\/\">Associa\u00e7\u00e3o Industrial Portuguesa \u2013 C\u00e2mara do Com\u00e9rcio e Ind\u00fastria<\/a><\/div><\/li><li class=\"each_link_content\"><div class=\"link_li_content\"><a class=\"link_titulo_black\" href=\"https:\/\/www.aeportugal.pt\/\"><b>AEP-CCI<\/b><\/a><a class=\"link_subtitulo\" href=\"https:\/\/www.aeportugal.pt\/\">Associa\u00e7\u00e3o Empresarial de Portugal \u2013 C\u00e2mara do Com\u00e9rcio e Ind\u00fastria<\/a><\/div><\/li><li class=\"each_link_content\"><div class=\"link_li_content\"><a class=\"link_titulo_black\" href=\"https:\/\/inpi.justica.gov.pt\/\"><b>INPI<\/b><\/a><a class=\"link_subtitulo\" href=\"https:\/\/inpi.justica.gov.pt\/\">Instituto Nacional da Propriedade Industrial<\/a><\/div><\/li><li class=\"each_link_content\"><div class=\"link_li_content\"><a class=\"link_titulo_black\" href=\"https:\/\/srea.azores.gov.pt\/\"><b>SREA<\/b><\/a><a class=\"link_subtitulo\" href=\"https:\/\/srea.azores.gov.pt\/\">Servi\u00e7o Regional de Estat\u00edstica dos A\u00e7ores<\/a><\/div><\/li><li class=\"each_link_content\"><div class=\"link_li_content\"><a class=\"link_titulo_black\" href=\"https:\/\/www.ine.pt\/xportal\/xmain?xpgid=ine_main&xpid=INE\"><b>INE<\/b><\/a><a class=\"link_subtitulo\" href=\"https:\/\/www.ine.pt\/xportal\/xmain?xpgid=ine_main&xpid=INE\">Instituto Nacional de Estat\u00edstica<\/a><\/div><\/li><li class=\"each_link_content\"><div class=\"link_li_content\"><a class=\"link_titulo_black\" href=\"https:\/\/ec.europa.eu\/eurostat\"><b>EUROSTAT<\/b><\/a><a class=\"link_subtitulo\" href=\"https:\/\/ec.europa.eu\/eurostat\">Gabinete de Estat\u00edsticas da Uni\u00e3o Europeia<\/a><\/div><\/li><li class=\"each_link_content\"><div class=\"link_li_content\"><a class=\"link_titulo_black\" href=\"https:\/\/www.riac.azores.gov.pt\/#!\/\"><b>RIAC<\/b><\/a><a class=\"link_subtitulo\" href=\"https:\/\/www.riac.azores.gov.pt\/#!\/\">Rede Integrada de Apoio ao Cidad\u00e3o<\/a><\/div><\/li><li class=\"each_link_content\"><div class=\"link_li_content\"><a class=\"link_titulo_black\" href=\"http:\/\/www.portaldasfinancas.gov.pt\/\"><b>Portal das Finan\u00e7as<\/b><\/a><a class=\"link_subtitulo\" href=\"http:\/\/www.portaldasfinancas.gov.pt\/\">Portal das Finan\u00e7as<\/a><\/div><\/li><li class=\"each_link_content\"><div class=\"link_li_content\"><a class=\"link_titulo_black\" href=\"https:\/\/www.bportugal.pt\/\"><b>Banco de Portugal<\/b><\/a><a class=\"link_subtitulo\" href=\"https:\/\/www.bportugal.pt\/\">Banco de Portugal<\/a><\/div><\/li><li class=\"each_link_content\"><div class=\"link_li_content\"><a class=\"link_titulo_black\" href=\"http:\/\/www.turismodeportugal.pt\/pt\/Paginas\/homepage.aspx\"><b>Turismo de Portugal<\/b><\/a><a class=\"link_subtitulo\" href=\"http:\/\/www.turismodeportugal.pt\/pt\/Paginas\/homepage.aspx\">Turismo de Portugal<\/a><\/div><\/li>\n            <\/ul><\/div>\n\t\t\t\t<\/div>\n\t\t\t\t<\/div>\n\t\t\t\t\t<\/div>\n\t\t<\/div>\n\t\t\t\t\t\t\t<\/div>\n\t\t<\/section>\n\t\t\t\t\t\t<\/div>\n\t\t\t\t\t<\/div>\n\t\t","protected":false},"excerpt":{"rendered":"","protected":false},"author":1,"featured_media":0,"parent":0,"menu_order":0,"comment_status":"closed","ping_status":"closed","template":"","meta":{"footnotes":""},"class_list":["post-376","page","type-page","status-publish","hentry"],"yoast_head":"<!-- This site is optimized with the Yoast SEO plugin v18.5 - https:\/\/yoast.com\/wordpress\/plugins\/seo\/ -->\n<title>Consultancy Links - Fundo de Maneio - Sites of interest to you - Azores<\/title>\n<meta name=\"description\" content=\"These are our consultancy links to sites that will interest you. Talk to us if you need help. we are here for you.\" \/>\n<meta name=\"robots\" content=\"index, follow, max-snippet:-1, max-image-preview:large, max-video-preview:-1\" \/>\n<link rel=\"canonical\" href=\"https:\/\/fundodemaneio.com\/en\/consultancy-links\/\" \/>\n<meta property=\"og:locale\" content=\"en_US\" \/>\n<meta property=\"og:type\" content=\"article\" \/>\n<meta property=\"og:title\" content=\"Consultancy Links - Fundo de Maneio - Sites of interest to you - Azores\" \/>\n<meta property=\"og:description\" content=\"These are our consultancy links to sites that will interest you. Talk to us if you need help. we are here for you.\" \/>\n<meta property=\"og:url\" content=\"https:\/\/fundodemaneio.com\/en\/consultancy-links\/\" \/>\n<meta property=\"og:site_name\" content=\"Fundo de Maneio\" \/>\n<meta property=\"article:modified_time\" content=\"2025-01-23T16:35:16+00:00\" \/>\n<meta name=\"twitter:card\" content=\"summary_large_image\" \/>\n<meta name=\"twitter:label1\" content=\"Est. reading time\" \/>\n\t<meta name=\"twitter:data1\" content=\"1 minute\" \/>\n<script type=\"application\/ld+json\" class=\"yoast-schema-graph\">{\"@context\":\"https:\/\/schema.org\",\"@graph\":[{\"@type\":\"WebSite\",\"@id\":\"https:\/\/fundodemaneio.com\/#website\",\"url\":\"https:\/\/fundodemaneio.com\/\",\"name\":\"Fundo de Maneio\",\"description\":\"Mais um site WordPress\",\"potentialAction\":[{\"@type\":\"SearchAction\",\"target\":{\"@type\":\"EntryPoint\",\"urlTemplate\":\"https:\/\/fundodemaneio.com\/?s={search_term_string}\"},\"query-input\":\"required name=search_term_string\"}],\"inLanguage\":\"en-US\"},{\"@type\":\"WebPage\",\"@id\":\"https:\/\/fundodemaneio.com\/en\/consultancy-links\/#webpage\",\"url\":\"https:\/\/fundodemaneio.com\/en\/consultancy-links\/\",\"name\":\"Consultancy Links - Fundo de Maneio - Sites of interest to you - Azores\",\"isPartOf\":{\"@id\":\"https:\/\/fundodemaneio.com\/#website\"},\"datePublished\":\"2021-11-08T11:36:10+00:00\",\"dateModified\":\"2025-01-23T16:35:16+00:00\",\"description\":\"These are our consultancy links to sites that will interest you. Talk to us if you need help. we are here for you.\",\"breadcrumb\":{\"@id\":\"https:\/\/fundodemaneio.com\/en\/consultancy-links\/#breadcrumb\"},\"inLanguage\":\"en-US\",\"potentialAction\":[{\"@type\":\"ReadAction\",\"target\":[\"https:\/\/fundodemaneio.com\/en\/consultancy-links\/\"]}]},{\"@type\":\"BreadcrumbList\",\"@id\":\"https:\/\/fundodemaneio.com\/en\/consultancy-links\/#breadcrumb\",\"itemListElement\":[{\"@type\":\"ListItem\",\"position\":1,\"name\":\"Links\"}]}]}<\/script>\n<!-- \/ Yoast SEO plugin. -->","yoast_head_json":{"title":"Consultancy Links - Fundo de Maneio - Sites of interest to you - Azores","description":"These are our consultancy links to sites that will interest you. Talk to us if you need help. we are here for you.","robots":{"index":"index","follow":"follow","max-snippet":"max-snippet:-1","max-image-preview":"max-image-preview:large","max-video-preview":"max-video-preview:-1"},"canonical":"https:\/\/fundodemaneio.com\/en\/consultancy-links\/","og_locale":"en_US","og_type":"article","og_title":"Consultancy Links - Fundo de Maneio - Sites of interest to you - Azores","og_description":"These are our consultancy links to sites that will interest you. Talk to us if you need help. we are here for you.","og_url":"https:\/\/fundodemaneio.com\/en\/consultancy-links\/","og_site_name":"Fundo de Maneio","article_modified_time":"2025-01-23T16:35:16+00:00","twitter_card":"summary_large_image","twitter_misc":{"Est. reading time":"1 minute"},"schema":{"@context":"https:\/\/schema.org","@graph":[{"@type":"WebSite","@id":"https:\/\/fundodemaneio.com\/#website","url":"https:\/\/fundodemaneio.com\/","name":"Fundo de Maneio","description":"Mais um site WordPress","potentialAction":[{"@type":"SearchAction","target":{"@type":"EntryPoint","urlTemplate":"https:\/\/fundodemaneio.com\/?s={search_term_string}"},"query-input":"required name=search_term_string"}],"inLanguage":"en-US"},{"@type":"WebPage","@id":"https:\/\/fundodemaneio.com\/en\/consultancy-links\/#webpage","url":"https:\/\/fundodemaneio.com\/en\/consultancy-links\/","name":"Consultancy Links - Fundo de Maneio - Sites of interest to you - Azores","isPartOf":{"@id":"https:\/\/fundodemaneio.com\/#website"},"datePublished":"2021-11-08T11:36:10+00:00","dateModified":"2025-01-23T16:35:16+00:00","description":"These are our consultancy links to sites that will interest you. Talk to us if you need help. we are here for you.","breadcrumb":{"@id":"https:\/\/fundodemaneio.com\/en\/consultancy-links\/#breadcrumb"},"inLanguage":"en-US","potentialAction":[{"@type":"ReadAction","target":["https:\/\/fundodemaneio.com\/en\/consultancy-links\/"]}]},{"@type":"BreadcrumbList","@id":"https:\/\/fundodemaneio.com\/en\/consultancy-links\/#breadcrumb","itemListElement":[{"@type":"ListItem","position":1,"name":"Links"}]}]}},"_links":{"self":[{"href":"https:\/\/fundodemaneio.com\/en\/wp-json\/wp\/v2\/pages\/376","targetHints":{"allow":["GET"]}}],"collection":[{"href":"https:\/\/fundodemaneio.com\/en\/wp-json\/wp\/v2\/pages"}],"about":[{"href":"https:\/\/fundodemaneio.com\/en\/wp-json\/wp\/v2\/types\/page"}],"author":[{"embeddable":true,"href":"https:\/\/fundodemaneio.com\/en\/wp-json\/wp\/v2\/users\/1"}],"replies":[{"embeddable":true,"href":"https:\/\/fundodemaneio.com\/en\/wp-json\/wp\/v2\/comments?post=376"}],"version-history":[{"count":5,"href":"https:\/\/fundodemaneio.com\/en\/wp-json\/wp\/v2\/pages\/376\/revisions"}],"predecessor-version":[{"id":998,"href":"https:\/\/fundodemaneio.com\/en\/wp-json\/wp\/v2\/pages\/376\/revisions\/998"}],"wp:attachment":[{"href":"https:\/\/fundodemaneio.com\/en\/wp-json\/wp\/v2\/media?parent=376"}],"curies":[{"name":"wp","href":"https:\/\/api.w.org\/{rel}","templated":true}]}}